{"id":516,"date":"2025-03-02T13:42:45","date_gmt":"2025-03-02T13:42:45","guid":{"rendered":"https:\/\/mamacollection.net\/?post_type=product&#038;p=516"},"modified":"2025-05-03T01:44:01","modified_gmt":"2025-05-03T01:44:01","slug":"amor-infinito","status":"publish","type":"product","link":"https:\/\/mamacollection.net\/index.php\/producto\/amor-infinito\/","title":{"rendered":"Franela &#8211; Amor Infinito"},"content":{"rendered":"<p>Dise\u00f1o pincelado de<br \/>\ncorazones en tonos rojos y<br \/>\nrosados.<\/p>\n<p>Nota: Una de las caracter\u00edsticas clave de nuestras prendas es el cierre estrat\u00e9gico para lactar, dise\u00f1ado para ofrecerte comodidad y discreci\u00f3n cuando tu beb\u00e9 necesita alimentarse.<\/p>\n","protected":false},"excerpt":{"rendered":"<p>Franela<\/p>\n<p>80% Algod\u00f3n<br \/>\n20% Licra<\/p>\n<p><strong>\u00a1Descubre el cierre revolucionario de nuestra franela en 20 segundos! \ud83d\udc55 \u25b6\ufe0f\u00a0<\/strong><\/p>\n<p><a href=\"https:\/\/mamacollection.net\/index.php\/sistema-de-cierre\/\"><strong>[Ver video AHORA]<\/strong><\/a><\/p>\n","protected":false},"featured_media":1795,"comment_status":"open","ping_status":"closed","template":"","meta":[],"product_brand":[],"product_cat":[20],"product_tag":[27,22,28],"class_list":{"0":"post-516","1":"product","2":"type-product","3":"status-publish","4":"has-post-thumbnail","6":"product_cat-estampado","7":"product_tag-amor","8":"product_tag-franela","9":"product_tag-infinito","10":"pa_color-beige","11":"pa_color-blanco","12":"pa_color-gris","13":"pa_color-lila","14":"pa_color-menta","15":"pa_color-salmon","16":"pa_color-verde","17":"pa_talla-l","18":"pa_talla-m","19":"pa_talla-s","21":"first","22":"instock","23":"shipping-taxable","24":"purchasable","25":"product-type-variable"},"jetpack_sharing_enabled":true,"_links":{"self":[{"href":"https:\/\/mamacollection.net\/index.php\/wp-json\/wp\/v2\/product\/516","targetHints":{"allow":["GET"]}}],"collection":[{"href":"https:\/\/mamacollection.net\/index.php\/wp-json\/wp\/v2\/product"}],"about":[{"href":"https:\/\/mamacollection.net\/index.php\/wp-json\/wp\/v2\/types\/product"}],"replies":[{"embeddable":true,"href":"https:\/\/mamacollection.net\/index.php\/wp-json\/wp\/v2\/comments?post=516"}],"wp:featuredmedia":[{"embeddable":true,"href":"https:\/\/mamacollection.net\/index.php\/wp-json\/wp\/v2\/media\/1795"}],"wp:attachment":[{"href":"https:\/\/mamacollection.net\/index.php\/wp-json\/wp\/v2\/media?parent=516"}],"wp:term":[{"taxonomy":"product_brand","embeddable":true,"href":"https:\/\/mamacollection.net\/index.php\/wp-json\/wp\/v2\/product_brand?post=516"},{"taxonomy":"product_cat","embeddable":true,"href":"https:\/\/mamacollection.net\/index.php\/wp-json\/wp\/v2\/product_cat?post=516"},{"taxonomy":"product_tag","embeddable":true,"href":"https:\/\/mamacollection.net\/index.php\/wp-json\/wp\/v2\/product_tag?post=516"}],"curies":[{"name":"wp","href":"https:\/\/api.w.org\/{rel}","templated":true}]}}