{"id":1485,"date":"2025-04-08T22:06:25","date_gmt":"2025-04-08T22:06:25","guid":{"rendered":"https:\/\/mamacollection.net\/?post_type=product&#038;p=1485"},"modified":"2025-05-03T02:38:21","modified_gmt":"2025-05-03T02:38:21","slug":"milky-bar","status":"publish","type":"product","link":"https:\/\/mamacollection.net\/index.php\/producto\/milky-bar\/","title":{"rendered":"Milky Bar"},"content":{"rendered":"<p><span class=\"OYPEnA font-feature-liga-off font-feature-clig-off font-feature-calt-off text-decoration-none text-strikethrough-none\">Dise\u00f1o moderno que representa la alimentaci\u00f3n m\u00e1s importante de tu bebe.<\/span><\/p>\n<p>Nota: Una de las caracter\u00edsticas clave de nuestras prendas es el cierre estrat\u00e9gico para lactar, dise\u00f1ado para ofrecerte comodidad y discreci\u00f3n cuando tu beb\u00e9 necesita alimentarse.<\/p>\n","protected":false},"excerpt":{"rendered":"<p>Franela<\/p>\n<p>80% Algod\u00f3n<br \/>\n20% Licra<\/p>\n<p><strong>\u00a1Descubre el cierre revolucionario de nuestra franela en 20 segundos! \ud83d\udc55 \u25b6\ufe0f\u00a0<\/strong><\/p>\n<p><a href=\"https:\/\/mamacollection.net\/index.php\/sistema-de-cierre\/\"><strong>[Ver video AHORA]<\/strong><\/a><\/p>\n","protected":false},"featured_media":1640,"comment_status":"open","ping_status":"closed","template":"","meta":[],"product_brand":[29],"product_cat":[20],"product_tag":[33,22],"class_list":{"0":"post-1485","1":"product","2":"type-product","3":"status-publish","4":"has-post-thumbnail","6":"product_brand-mama-collection","7":"product_cat-estampado","8":"product_tag-estampada","9":"product_tag-franela","10":"pa_color-beige","11":"pa_color-blanco","12":"pa_color-gris","13":"pa_color-lila","14":"pa_color-menta","15":"pa_color-salmon","16":"pa_color-verde","17":"pa_talla-l","18":"pa_talla-m","19":"pa_talla-s","21":"first","22":"instock","23":"shipping-taxable","24":"purchasable","25":"product-type-variable"},"jetpack_sharing_enabled":true,"_links":{"self":[{"href":"https:\/\/mamacollection.net\/index.php\/wp-json\/wp\/v2\/product\/1485","targetHints":{"allow":["GET"]}}],"collection":[{"href":"https:\/\/mamacollection.net\/index.php\/wp-json\/wp\/v2\/product"}],"about":[{"href":"https:\/\/mamacollection.net\/index.php\/wp-json\/wp\/v2\/types\/product"}],"replies":[{"embeddable":true,"href":"https:\/\/mamacollection.net\/index.php\/wp-json\/wp\/v2\/comments?post=1485"}],"wp:featuredmedia":[{"embeddable":true,"href":"https:\/\/mamacollection.net\/index.php\/wp-json\/wp\/v2\/media\/1640"}],"wp:attachment":[{"href":"https:\/\/mamacollection.net\/index.php\/wp-json\/wp\/v2\/media?parent=1485"}],"wp:term":[{"taxonomy":"product_brand","embeddable":true,"href":"https:\/\/mamacollection.net\/index.php\/wp-json\/wp\/v2\/product_brand?post=1485"},{"taxonomy":"product_cat","embeddable":true,"href":"https:\/\/mamacollection.net\/index.php\/wp-json\/wp\/v2\/product_cat?post=1485"},{"taxonomy":"product_tag","embeddable":true,"href":"https:\/\/mamacollection.net\/index.php\/wp-json\/wp\/v2\/product_tag?post=1485"}],"curies":[{"name":"wp","href":"https:\/\/api.w.org\/{rel}","templated":true}]}}