{"id":1805,"date":"2025-05-03T01:19:54","date_gmt":"2025-05-03T01:19:54","guid":{"rendered":"https:\/\/mamacollection.net\/?page_id=1805"},"modified":"2025-05-03T03:16:17","modified_gmt":"2025-05-03T03:16:17","slug":"sistema-de-cierre","status":"publish","type":"page","link":"https:\/\/mamacollection.net\/index.php\/sistema-de-cierre\/","title":{"rendered":"Sistema de Cierre"},"content":{"rendered":"\t\t<div data-elementor-type=\"wp-page\" data-elementor-id=\"1805\" class=\"elementor elementor-1805\" data-elementor-post-type=\"page\">\n\t\t\t\t<div class=\"elementor-element elementor-element-05d8288 e-flex e-con-boxed jltma-glass-effect-no e-con e-parent\" data-id=\"05d8288\" data-element_type=\"container\" data-e-type=\"container\">\n\t\t\t\t\t<div class=\"e-con-inner\">\n\t\t<div class=\"elementor-element elementor-element-bd445db e-con-full e-flex jltma-glass-effect-no e-con e-child\" data-id=\"bd445db\" data-element_type=\"container\" data-e-type=\"container\">\n\t\t\t\t<div class=\"elementor-element elementor-element-a2ef023 jltma-glass-effect-no exad-sticky-section-no exad-glass-effect-no elementor-widget elementor-widget-heading\" data-id=\"a2ef023\" data-element_type=\"widget\" data-e-type=\"widget\" data-widget_type=\"heading.default\">\n\t\t\t\t<div class=\"elementor-widget-container\">\n\t\t\t\t\t<h2 class=\"elementor-heading-title elementor-size-default\">\u00bfPor Qu\u00e9 Elegir Mam\u00e1 Collection?<\/h2>\t\t\t\t<\/div>\n\t\t\t\t<\/div>\n\t\t\t\t<div class=\"elementor-element elementor-element-d80a158 jltma-glass-effect-no exad-sticky-section-no exad-glass-effect-no elementor-widget elementor-widget-text-editor\" data-id=\"d80a158\" data-element_type=\"widget\" data-e-type=\"widget\" data-widget_type=\"text-editor.default\">\n\t\t\t\t<div class=\"elementor-widget-container\">\n\t\t\t\t\t\t\t\t\t<p>No solo creamos franelas de lactancia, sino soluciones pensadas <strong>desde la experiencia de ser madre<\/strong>. Cada prenda est\u00e1 dise\u00f1ada con tejidos suaves y transpirables que cuidan tu piel y la de tu beb\u00e9, combinando un acceso pr\u00e1ctico para la lactancia con cortes modernos que realzan tu figura. Somos una marca hecha por mam\u00e1s que vivimos los mismos desaf\u00edos, por eso priorizamos la calidad, la durabilidad y un dise\u00f1o discreto que te permite amamantar con naturalidad en cualquier lugar. Aqu\u00ed no encontrar\u00e1s sacrificios, sino prendas que se adaptan a tu ritmo de vida y te hacen sentir tan c\u00f3moda como segura. Porque creemos que la maternidad es una etapa para disfrutar, no para complicarse.<\/p>\t\t\t\t\t\t\t\t<\/div>\n\t\t\t\t<\/div>\n\t\t\t\t<div class=\"elementor-element elementor-element-f79f391 elementor-align-justify jltma-glass-effect-no exad-sticky-section-no exad-glass-effect-no elementor-widget elementor-widget-button\" data-id=\"f79f391\" data-element_type=\"widget\" data-e-type=\"widget\" data-widget_type=\"button.default\">\n\t\t\t\t<div class=\"elementor-widget-container\">\n\t\t\t\t\t\t\t\t\t<div class=\"elementor-button-wrapper\">\n\t\t\t\t\t<a class=\"elementor-button elementor-button-link elementor-size-sm\" href=\"https:\/\/mamacollection.net\/index.php\/tienda\/\">\n\t\t\t\t\t\t<span class=\"elementor-button-content-wrapper\">\n\t\t\t\t\t\t\t\t\t<span class=\"elementor-button-text\">Ver m\u00e1s <\/span>\n\t\t\t\t\t<\/span>\n\t\t\t\t\t<\/a>\n\t\t\t\t<\/div>\n\t\t\t\t\t\t\t\t<\/div>\n\t\t\t\t<\/div>\n\t\t\t\t<\/div>\n\t\t<div class=\"elementor-element elementor-element-5ca552e e-con-full e-flex jltma-glass-effect-no e-con e-child\" data-id=\"5ca552e\" data-element_type=\"container\" data-e-type=\"container\">\n\t\t\t\t<div class=\"elementor-element elementor-element-5aebb3e jltma-glass-effect-no exad-sticky-section-no exad-glass-effect-no elementor-widget elementor-widget-video\" data-id=\"5aebb3e\" data-element_type=\"widget\" data-e-type=\"widget\" data-settings=\"{&quot;video_type&quot;:&quot;hosted&quot;,&quot;mute&quot;:&quot;yes&quot;,&quot;loop&quot;:&quot;yes&quot;,&quot;controls&quot;:&quot;yes&quot;}\" data-widget_type=\"video.default\">\n\t\t\t\t<div class=\"elementor-widget-container\">\n\t\t\t\t\t\t\t<div class=\"e-hosted-video elementor-wrapper elementor-open-inline\">\n\t\t\t\t\t<video class=\"elementor-video\" src=\"https:\/\/mamacollection.net\/wp-content\/uploads\/2025\/03\/WhatsApp-Video-2025-02-25-at-4.38.25-PM.mp4\" loop=\"\" controls=\"\" preload=\"metadata\" muted=\"muted\" controlsList=\"nodownload\"><\/video>\n\t\t\t\t<\/div>\n\t\t\t\t\t\t<\/div>\n\t\t\t\t<\/div>\n\t\t\t\t<\/div>\n\t\t\t\t\t<\/div>\n\t\t\t\t<\/div>\n\t\t\t\t<\/div>\n\t\t","protected":false},"excerpt":{"rendered":"<p>\u00bfPor Qu\u00e9 Elegir Mam\u00e1 Collection? No solo creamos franelas de lactancia, sino soluciones pensadas desde la experiencia de ser madre. Cada prenda est\u00e1 dise\u00f1ada con tejidos suaves y transpirables que cuidan tu piel y la de tu beb\u00e9, combinando un acceso pr\u00e1ctico para la lactancia con cortes modernos que realzan tu figura. Somos una marca [&hellip;]<\/p>\n","protected":false},"author":1,"featured_media":0,"parent":0,"menu_order":0,"comment_status":"closed","ping_status":"closed","template":"","meta":{"footnotes":""},"class_list":["post-1805","page","type-page","status-publish","hentry"],"jetpack_sharing_enabled":true,"_links":{"self":[{"href":"https:\/\/mamacollection.net\/index.php\/wp-json\/wp\/v2\/pages\/1805","targetHints":{"allow":["GET"]}}],"collection":[{"href":"https:\/\/mamacollection.net\/index.php\/wp-json\/wp\/v2\/pages"}],"about":[{"href":"https:\/\/mamacollection.net\/index.php\/wp-json\/wp\/v2\/types\/page"}],"author":[{"embeddable":true,"href":"https:\/\/mamacollection.net\/index.php\/wp-json\/wp\/v2\/users\/1"}],"replies":[{"embeddable":true,"href":"https:\/\/mamacollection.net\/index.php\/wp-json\/wp\/v2\/comments?post=1805"}],"version-history":[{"count":10,"href":"https:\/\/mamacollection.net\/index.php\/wp-json\/wp\/v2\/pages\/1805\/revisions"}],"predecessor-version":[{"id":1818,"href":"https:\/\/mamacollection.net\/index.php\/wp-json\/wp\/v2\/pages\/1805\/revisions\/1818"}],"wp:attachment":[{"href":"https:\/\/mamacollection.net\/index.php\/wp-json\/wp\/v2\/media?parent=1805"}],"curies":[{"name":"wp","href":"https:\/\/api.w.org\/{rel}","templated":true}]}}